{"id":1151,"date":"2022-07-28T17:16:01","date_gmt":"2022-07-28T16:16:01","guid":{"rendered":"https:\/\/mediateca.age-mgpoente.pt\/?page_id=1151"},"modified":"2022-07-28T17:17:43","modified_gmt":"2022-07-28T16:17:43","slug":"apps-educacao","status":"publish","type":"page","link":"https:\/\/mediateca.age-mgpoente.pt\/?page_id=1151","title":{"rendered":"APPS EDUCA\u00c7\u00c3O"},"content":{"rendered":"\n<p class=\"has-text-align-left has-medium-font-size\"><strong><mark style=\"background-color:rgba(0, 0, 0, 0)\" class=\"has-inline-color has-accent-color\">Aplica\u00e7\u00f5es para dispositivos&nbsp;m\u00f3veis<\/mark><\/strong><\/p>\n\n\n<div class=\"wp-block-image\">\n<figure class=\"alignleft size-full is-resized\"><a href=\"https:\/\/appseducacao.rbe.mec.pt\/\" target=\"_blank\" rel=\"noreferrer noopener\"><img loading=\"lazy\" decoding=\"async\" src=\"https:\/\/mediateca.age-mgpoente.pt\/wp-content\/uploads\/2022\/07\/rbe_t.png\" alt=\"\" class=\"wp-image-1152\" width=\"229\" height=\"60\" srcset=\"https:\/\/mediateca.age-mgpoente.pt\/wp-content\/uploads\/2022\/07\/rbe_t.png 525w, https:\/\/mediateca.age-mgpoente.pt\/wp-content\/uploads\/2022\/07\/rbe_t-300x78.png 300w\" sizes=\"auto, (max-width: 229px) 100vw, 229px\" \/><\/a><\/figure>\n<\/div>\n\n\n<p class=\"has-text-align-center\">P\u00e1gina da responsabilidade da&nbsp;Rede de Bibliotecas Escolares que re\u00fane um conjunto de aplica\u00e7\u00f5es para dispositivos m\u00f3veis com potencialidade pedag\u00f3gica, organizadas por categorias.&nbsp;<\/p>\n","protected":false},"excerpt":{"rendered":"<p>Aplica\u00e7\u00f5es para dispositivos&nbsp;m\u00f3veis P\u00e1gina da responsabilidade da&nbsp;Rede de Bibliotecas Escolares que re\u00fane um conjunto de aplica\u00e7\u00f5es para dispositivos m\u00f3veis com potencialidade pedag\u00f3gica, organizadas por categorias.&nbsp;<\/p>\n","protected":false},"author":2,"featured_media":0,"parent":0,"menu_order":0,"comment_status":"closed","ping_status":"closed","template":"","meta":{"footnotes":""},"class_list":["post-1151","page","type-page","status-publish"],"_links":{"self":[{"href":"https:\/\/mediateca.age-mgpoente.pt\/index.php?rest_route=\/wp\/v2\/pages\/1151","targetHints":{"allow":["GET"]}}],"collection":[{"href":"https:\/\/mediateca.age-mgpoente.pt\/index.php?rest_route=\/wp\/v2\/pages"}],"about":[{"href":"https:\/\/mediateca.age-mgpoente.pt\/index.php?rest_route=\/wp\/v2\/types\/page"}],"author":[{"embeddable":true,"href":"https:\/\/mediateca.age-mgpoente.pt\/index.php?rest_route=\/wp\/v2\/users\/2"}],"replies":[{"embeddable":true,"href":"https:\/\/mediateca.age-mgpoente.pt\/index.php?rest_route=%2Fwp%2Fv2%2Fcomments&post=1151"}],"version-history":[{"count":4,"href":"https:\/\/mediateca.age-mgpoente.pt\/index.php?rest_route=\/wp\/v2\/pages\/1151\/revisions"}],"predecessor-version":[{"id":1158,"href":"https:\/\/mediateca.age-mgpoente.pt\/index.php?rest_route=\/wp\/v2\/pages\/1151\/revisions\/1158"}],"wp:attachment":[{"href":"https:\/\/mediateca.age-mgpoente.pt\/index.php?rest_route=%2Fwp%2Fv2%2Fmedia&parent=1151"}],"curies":[{"name":"wp","href":"https:\/\/api.w.org\/{rel}","templated":true}]}}