{"id":1139,"date":"2022-07-27T17:38:04","date_gmt":"2022-07-27T16:38:04","guid":{"rendered":"https:\/\/mediateca.age-mgpoente.pt\/?page_id=1139"},"modified":"2022-07-27T17:40:39","modified_gmt":"2022-07-27T16:40:39","slug":"avalia","status":"publish","type":"page","link":"https:\/\/mediateca.age-mgpoente.pt\/?page_id=1139","title":{"rendered":"AVALIA"},"content":{"rendered":"<div class=\"wp-block-image\">\n<figure class=\"alignleft size-full is-resized\"><a href=\"https:\/\/docs.google.com\/forms\/u\/0\/\" target=\"_blank\" rel=\"noreferrer noopener\"><img loading=\"lazy\" decoding=\"async\" src=\"https:\/\/mediateca.age-mgpoente.pt\/wp-content\/uploads\/2022\/07\/google-forms-logo-google-forms-logo-png.png\" alt=\"\" class=\"wp-image-1140\" width=\"227\" height=\"70\" srcset=\"https:\/\/mediateca.age-mgpoente.pt\/wp-content\/uploads\/2022\/07\/google-forms-logo-google-forms-logo-png.png 825w, https:\/\/mediateca.age-mgpoente.pt\/wp-content\/uploads\/2022\/07\/google-forms-logo-google-forms-logo-png-300x92.png 300w, https:\/\/mediateca.age-mgpoente.pt\/wp-content\/uploads\/2022\/07\/google-forms-logo-google-forms-logo-png-768x236.png 768w\" sizes=\"auto, (max-width: 227px) 100vw, 227px\" \/><\/a><\/figure>\n<\/div>\n\n\n<p class=\"has-text-align-center\">Crie e partilhe facilmente formul\u00e1rios e inqu\u00e9ritos online, e analise respostas em tempo real.<\/p>\n\n\n\n<p class=\"has-text-align-center\">Todas as respostas \u00e0s suas quest\u00f5es s\u00e3o devidamente organizadas numa folha de c\u00e1lculo, pelo que ordenar e analisar dados nunca foi t\u00e3o f\u00e1cil. Aceda em qualquer lugar, a qualquer hora Todos os dados dos formul\u00e1rios s\u00e3o organizados automaticamente no Google Folhas de C\u00e1lculo e armazenados no Google Drive. Aceda aos mesmos em qualquer lugar, a partir de qualquer dispositivo.<\/p>\n\n\n\n<p class=\"has-text-align-center\"><strong><a href=\"https:\/\/youtu.be\/8nH-jSHO2D0\" target=\"_blank\" rel=\"noreferrer noopener\">Tutorial<\/a><\/strong><\/p>\n\n\n\n<hr class=\"wp-block-separator has-alpha-channel-opacity\"\/>\n\n\n<div class=\"wp-block-image\">\n<figure class=\"alignleft size-large is-resized\"><a href=\"https:\/\/kahoot.com\/\" target=\"_blank\" rel=\"noreferrer noopener\"><img loading=\"lazy\" decoding=\"async\" src=\"https:\/\/mediateca.age-mgpoente.pt\/wp-content\/uploads\/2022\/07\/Kahoot-Logo-1-1024x374.png\" alt=\"\" class=\"wp-image-1142\" width=\"220\" height=\"80\" srcset=\"https:\/\/mediateca.age-mgpoente.pt\/wp-content\/uploads\/2022\/07\/Kahoot-Logo-1-1024x374.png 1024w, https:\/\/mediateca.age-mgpoente.pt\/wp-content\/uploads\/2022\/07\/Kahoot-Logo-1-300x110.png 300w, https:\/\/mediateca.age-mgpoente.pt\/wp-content\/uploads\/2022\/07\/Kahoot-Logo-1-768x281.png 768w, https:\/\/mediateca.age-mgpoente.pt\/wp-content\/uploads\/2022\/07\/Kahoot-Logo-1-1536x561.png 1536w, https:\/\/mediateca.age-mgpoente.pt\/wp-content\/uploads\/2022\/07\/Kahoot-Logo-1-2048x748.png 2048w\" sizes=\"auto, (max-width: 220px) 100vw, 220px\" \/><\/a><\/figure>\n<\/div>\n\n\n<p class=\"has-text-align-center\">Jogos envolventes baseados em quiz (kahoots). Crie os seus pr\u00f3prios kahoots e aprenda algo novo! A Kahoot! traz a m\u00e1gica da aprendizagem para os alunos.<\/p>\n\n\n\n<p class=\"has-text-align-center\"><strong><a href=\"https:\/\/youtu.be\/6MWUMYmAImo\" target=\"_blank\" rel=\"noreferrer noopener\">Tutorial<\/a><\/strong><\/p>\n\n\n\n<hr class=\"wp-block-separator has-alpha-channel-opacity\"\/>\n\n\n<div class=\"wp-block-image\">\n<figure class=\"alignleft size-full is-resized\"><a href=\"https:\/\/get.plickers.com\/\" target=\"_blank\" rel=\"noreferrer noopener\"><img loading=\"lazy\" decoding=\"async\" src=\"https:\/\/mediateca.age-mgpoente.pt\/wp-content\/uploads\/2022\/07\/Plickers-1.png\" alt=\"\" class=\"wp-image-1144\" width=\"250\" height=\"62\" srcset=\"https:\/\/mediateca.age-mgpoente.pt\/wp-content\/uploads\/2022\/07\/Plickers-1.png 326w, https:\/\/mediateca.age-mgpoente.pt\/wp-content\/uploads\/2022\/07\/Plickers-1-300x75.png 300w\" sizes=\"auto, (max-width: 250px) 100vw, 250px\" \/><\/a><\/figure>\n<\/div>\n\n\n<p class=\"has-text-align-center\">Sistema de perguntas e respostas em que o professor utiliza o seu <em>smartphone<\/em><br>para recolher as respostas e os alunos utilizam cart\u00f5es para responder (<strong>dispon\u00edveis para requisi\u00e7\u00e3o na Mediatec<\/strong>a).<br>O material necess\u00e1rio para utilizar o Plickers \u00e9 um <em>smartphone <\/em>com liga\u00e7\u00e3o \u00e0 internet e com a<br>aplica\u00e7\u00e3o Plickers, cart\u00f5es de resposta para os alunos e um computador com projetor.<\/p>\n\n\n\n<p class=\"has-text-align-center\"><a rel=\"noreferrer noopener\" href=\"https:\/\/youtu.be\/umhhYNv2RrQ\" target=\"_blank\"><strong>Tutorial<\/strong><\/a><\/p>\n\n\n\n<hr class=\"wp-block-separator has-alpha-channel-opacity\"\/>\n\n\n<div class=\"wp-block-image\">\n<figure class=\"alignleft size-full is-resized\"><a href=\"https:\/\/quizizz.com\/teachers?ref=header_tab&amp;fromBrowserLoad=true\" target=\"_blank\" rel=\"noreferrer noopener\"><img loading=\"lazy\" decoding=\"async\" src=\"https:\/\/mediateca.age-mgpoente.pt\/wp-content\/uploads\/2022\/07\/Quizizz-Logo.png\" alt=\"\" class=\"wp-image-1145\" width=\"276\" height=\"96\" srcset=\"https:\/\/mediateca.age-mgpoente.pt\/wp-content\/uploads\/2022\/07\/Quizizz-Logo.png 800w, https:\/\/mediateca.age-mgpoente.pt\/wp-content\/uploads\/2022\/07\/Quizizz-Logo-768x271.png 768w\" sizes=\"auto, (max-width: 276px) 100vw, 276px\" \/><\/a><\/figure>\n<\/div>\n\n\n<p class=\"has-text-align-center\">Elabora\u00e7\u00e3o de question\u00e1rios\/ jogos. Para aprender qualquer coisa, em qualquer lugar. Pode estudar por conta pr\u00f3pria ou participar em question\u00e1rios, tarefas e apresenta\u00e7\u00f5es em grupo &#8211; pessoalmente e remotamente. O Quizizz foi projetado para ajudar a participar em atividades de grupo e estudar por conta pr\u00f3pria.<\/p>\n\n\n\n<p class=\"has-text-align-center\"><strong><a href=\"https:\/\/youtu.be\/alggYhe7Yrw\" target=\"_blank\" rel=\"noreferrer noopener\">Tutorial<\/a><\/strong><\/p>\n","protected":false},"excerpt":{"rendered":"<p>Crie e partilhe facilmente formul\u00e1rios e inqu\u00e9ritos online, e analise respostas em tempo real. Todas as respostas \u00e0s suas quest\u00f5es s\u00e3o devidamente organizadas numa folha de c\u00e1lculo, pelo que ordenar e analisar dados nunca foi t\u00e3o f\u00e1cil. Aceda em qualquer lugar, a qualquer hora Todos os dados dos formul\u00e1rios s\u00e3o organizados automaticamente no Google Folhas &#8230; <a title=\"AVALIA\" class=\"read-more\" href=\"https:\/\/mediateca.age-mgpoente.pt\/?page_id=1139\" aria-label=\"Leia mais sobre AVALIA\">Ler mais<\/a><\/p>\n","protected":false},"author":2,"featured_media":0,"parent":0,"menu_order":0,"comment_status":"closed","ping_status":"closed","template":"","meta":{"footnotes":""},"class_list":["post-1139","page","type-page","status-publish"],"_links":{"self":[{"href":"https:\/\/mediateca.age-mgpoente.pt\/index.php?rest_route=\/wp\/v2\/pages\/1139","targetHints":{"allow":["GET"]}}],"collection":[{"href":"https:\/\/mediateca.age-mgpoente.pt\/index.php?rest_route=\/wp\/v2\/pages"}],"about":[{"href":"https:\/\/mediateca.age-mgpoente.pt\/index.php?rest_route=\/wp\/v2\/types\/page"}],"author":[{"embeddable":true,"href":"https:\/\/mediateca.age-mgpoente.pt\/index.php?rest_route=\/wp\/v2\/users\/2"}],"replies":[{"embeddable":true,"href":"https:\/\/mediateca.age-mgpoente.pt\/index.php?rest_route=%2Fwp%2Fv2%2Fcomments&post=1139"}],"version-history":[{"count":2,"href":"https:\/\/mediateca.age-mgpoente.pt\/index.php?rest_route=\/wp\/v2\/pages\/1139\/revisions"}],"predecessor-version":[{"id":1149,"href":"https:\/\/mediateca.age-mgpoente.pt\/index.php?rest_route=\/wp\/v2\/pages\/1139\/revisions\/1149"}],"wp:attachment":[{"href":"https:\/\/mediateca.age-mgpoente.pt\/index.php?rest_route=%2Fwp%2Fv2%2Fmedia&parent=1139"}],"curies":[{"name":"wp","href":"https:\/\/api.w.org\/{rel}","templated":true}]}}