{"id":1127,"date":"2022-07-25T18:50:10","date_gmt":"2022-07-25T17:50:10","guid":{"rendered":"https:\/\/mediateca.age-mgpoente.pt\/?page_id=1127"},"modified":"2022-07-25T18:50:11","modified_gmt":"2022-07-25T17:50:11","slug":"colabora-comunica","status":"publish","type":"page","link":"https:\/\/mediateca.age-mgpoente.pt\/?page_id=1127","title":{"rendered":"COLABORA\/COMUNICA"},"content":{"rendered":"<div class=\"wp-block-image\">\n<figure class=\"alignleft size-large is-resized\"><a href=\"https:\/\/www.google.com\/intl\/pt-PT\/drive\/\" target=\"_blank\" rel=\"noreferrer noopener\"><img loading=\"lazy\" decoding=\"async\" src=\"https:\/\/mediateca.age-mgpoente.pt\/wp-content\/uploads\/2022\/07\/Google_Drive_text_logo_grey-1024x282.png\" alt=\"\" class=\"wp-image-1128\" width=\"246\" height=\"68\" srcset=\"https:\/\/mediateca.age-mgpoente.pt\/wp-content\/uploads\/2022\/07\/Google_Drive_text_logo_grey-1024x282.png 1024w, https:\/\/mediateca.age-mgpoente.pt\/wp-content\/uploads\/2022\/07\/Google_Drive_text_logo_grey-300x83.png 300w, https:\/\/mediateca.age-mgpoente.pt\/wp-content\/uploads\/2022\/07\/Google_Drive_text_logo_grey-768x212.png 768w, https:\/\/mediateca.age-mgpoente.pt\/wp-content\/uploads\/2022\/07\/Google_Drive_text_logo_grey-1536x424.png 1536w, https:\/\/mediateca.age-mgpoente.pt\/wp-content\/uploads\/2022\/07\/Google_Drive_text_logo_grey-2048x565.png 2048w\" sizes=\"auto, (max-width: 246px) 100vw, 246px\" \/><\/a><\/figure>\n<\/div>\n\n\n<p class=\"has-text-align-center\">Armazene, partilhe e colabore em ficheiros e pastas a partir do seu dispositivo m\u00f3vel, tablet ou computador<\/p>\n\n\n\n<p class=\"has-text-align-center\"><strong><a href=\"https:\/\/youtu.be\/qvVuGhvE3EI\" target=\"_blank\" rel=\"noreferrer noopener\">Tutorial<\/a><\/strong><\/p>\n\n\n<div class=\"wp-block-image\">\n<figure class=\"alignleft size-large is-resized\"><a href=\"https:\/\/www.microsoft.com\/pt-pt\/microsoft-365\/onedrive\/online-cloud-storage\" target=\"_blank\" rel=\"noreferrer noopener\"><img loading=\"lazy\" decoding=\"async\" src=\"https:\/\/mediateca.age-mgpoente.pt\/wp-content\/uploads\/2022\/07\/OneDrive_logo_and_wordmark.svg_-1024x174.png\" alt=\"\" class=\"wp-image-1129\" width=\"244\" height=\"41\" srcset=\"https:\/\/mediateca.age-mgpoente.pt\/wp-content\/uploads\/2022\/07\/OneDrive_logo_and_wordmark.svg_-1024x174.png 1024w, https:\/\/mediateca.age-mgpoente.pt\/wp-content\/uploads\/2022\/07\/OneDrive_logo_and_wordmark.svg_-300x51.png 300w, https:\/\/mediateca.age-mgpoente.pt\/wp-content\/uploads\/2022\/07\/OneDrive_logo_and_wordmark.svg_-768x130.png 768w, https:\/\/mediateca.age-mgpoente.pt\/wp-content\/uploads\/2022\/07\/OneDrive_logo_and_wordmark.svg_.png 1280w\" sizes=\"auto, (max-width: 244px) 100vw, 244px\" \/><\/a><\/figure>\n<\/div>\n\n\n<p class=\"has-text-align-center\">OneDrive, \u00e9 um servi\u00e7o de armazenamento em nuvem da Microsoft. Com ele \u00e9 poss\u00edvel armazenar e hospedar qualquer arquivo, usando uma Conta da Microsoft. Tamb\u00e9m \u00e9 poss\u00edvel definir arquivos p\u00fablicos, somente amigos, usu\u00e1rios definidos ou privados.\u00a0<\/p>\n\n\n\n<p class=\"has-text-align-center\"><strong><a href=\"https:\/\/youtu.be\/C5x8Ivv6XHU\" target=\"_blank\" rel=\"noreferrer noopener\">Tutorial<\/a><\/strong><\/p>\n\n\n<div class=\"wp-block-image\">\n<figure class=\"alignleft size-full is-resized\"><a href=\"https:\/\/pt-br.padlet.com\/auth\/login\" target=\"_blank\" rel=\"noreferrer noopener\"><img loading=\"lazy\" decoding=\"async\" src=\"https:\/\/mediateca.age-mgpoente.pt\/wp-content\/uploads\/2022\/07\/padlet.png\" alt=\"\" class=\"wp-image-1130\" width=\"258\" height=\"75\" srcset=\"https:\/\/mediateca.age-mgpoente.pt\/wp-content\/uploads\/2022\/07\/padlet.png 500w, https:\/\/mediateca.age-mgpoente.pt\/wp-content\/uploads\/2022\/07\/padlet-300x87.png 300w\" sizes=\"auto, (max-width: 258px) 100vw, 258px\" \/><\/a><\/figure>\n<\/div>\n\n\n<p class=\"has-text-align-center\">Padlet\u00a0\u00e9 uma ferramenta digital que permite a cria\u00e7\u00e3o de um mural ou quadro virtual din\u00e2mico e interativo para registar, guardar e partilhar conte\u00fados (imagens, v\u00eddeos, documentos de texto). O Padlet possibilita realizar tarefas de aula e\/ou criar as suas pr\u00f3prias ideias sobre um determinado tema, tornando-se assim um local de debate e partilha.<\/p>\n\n\n\n<p class=\"has-text-align-center\"><strong><a href=\"https:\/\/youtu.be\/68g7f2RwSLI\" target=\"_blank\" rel=\"noreferrer noopener\">Tutorial<\/a><\/strong><\/p>\n\n\n<div class=\"wp-block-image\">\n<figure class=\"alignleft size-full is-resized\"><a href=\"https:\/\/www.microsoft.com\/pt-pt\/microsoft-teams\/education\" target=\"_blank\" rel=\"noreferrer noopener\"><img loading=\"lazy\" decoding=\"async\" src=\"https:\/\/mediateca.age-mgpoente.pt\/wp-content\/uploads\/2022\/07\/Teams.png\" alt=\"\" class=\"wp-image-1132\" width=\"182\" height=\"164\" srcset=\"https:\/\/mediateca.age-mgpoente.pt\/wp-content\/uploads\/2022\/07\/Teams.png 622w, https:\/\/mediateca.age-mgpoente.pt\/wp-content\/uploads\/2022\/07\/Teams-300x270.png 300w\" sizes=\"auto, (max-width: 182px) 100vw, 182px\" \/><\/a><\/figure>\n<\/div>\n\n\n<p class=\"has-text-align-center\">O Microsoft Teams \u00e9 uma plataforma de colabora\u00e7\u00e3o, um hub digital que re\u00fane conversas, conte\u00fado e aplicativos num s\u00f3 lugar, simplificando o fluxo de trabalho administrativo e<br>permitindo que os professores criem ambientes vibrantes e personalizados de aprendizagem. Com as<br>equipas, pode-se criar grupos de trabalho e salas de aula colaborativas, personalizar a aprendizagem<br>com tarefas, conectar-se com colegas em comunidades de aprendizagem profissional e otimizar a comunica\u00e7\u00e3o da equipa.<\/p>\n\n\n\n<p class=\"has-text-align-center\"><strong><a href=\"https:\/\/youtu.be\/V93WxJpvSXM\" target=\"_blank\" rel=\"noreferrer noopener\">Tutorial<\/a><\/strong><\/p>\n\n\n<div class=\"wp-block-image\">\n<figure class=\"alignleft size-full is-resized\"><a href=\"https:\/\/zoom.us\/signin\" target=\"_blank\" rel=\"noreferrer noopener\"><img loading=\"lazy\" decoding=\"async\" src=\"https:\/\/mediateca.age-mgpoente.pt\/wp-content\/uploads\/2022\/07\/zoom-2.png\" alt=\"\" class=\"wp-image-1135\" width=\"237\" height=\"86\" srcset=\"https:\/\/mediateca.age-mgpoente.pt\/wp-content\/uploads\/2022\/07\/zoom-2.png 896w, https:\/\/mediateca.age-mgpoente.pt\/wp-content\/uploads\/2022\/07\/zoom-2-300x110.png 300w, https:\/\/mediateca.age-mgpoente.pt\/wp-content\/uploads\/2022\/07\/zoom-2-768x281.png 768w\" sizes=\"auto, (max-width: 237px) 100vw, 237px\" \/><\/a><\/figure>\n<\/div>\n\n\n<p class=\"has-text-align-center\">A plataforma Zoom unifica a videoconfer\u00eancia na nuvem, reuni\u00f5es on-line simples, mensagens de grupo, e uma solu\u00e7\u00e3o de sala de confer\u00eancias em software numa plataforma f\u00e1cil de usar.\u00a0<\/p>\n\n\n\n<p class=\"has-text-align-center\"><strong><a href=\"https:\/\/youtu.be\/0R3vVPtcic8\" target=\"_blank\" rel=\"noreferrer noopener\">Tutorial<\/a><\/strong><\/p>\n","protected":false},"excerpt":{"rendered":"<p>Armazene, partilhe e colabore em ficheiros e pastas a partir do seu dispositivo m\u00f3vel, tablet ou computador Tutorial OneDrive, \u00e9 um servi\u00e7o de armazenamento em nuvem da Microsoft. Com ele \u00e9 poss\u00edvel armazenar e hospedar qualquer arquivo, usando uma Conta da Microsoft. Tamb\u00e9m \u00e9 poss\u00edvel definir arquivos p\u00fablicos, somente amigos, usu\u00e1rios definidos ou privados.\u00a0 Tutorial &#8230; <a title=\"COLABORA\/COMUNICA\" class=\"read-more\" href=\"https:\/\/mediateca.age-mgpoente.pt\/?page_id=1127\" aria-label=\"Leia mais sobre COLABORA\/COMUNICA\">Ler mais<\/a><\/p>\n","protected":false},"author":2,"featured_media":0,"parent":0,"menu_order":0,"comment_status":"closed","ping_status":"closed","template":"","meta":{"footnotes":""},"class_list":["post-1127","page","type-page","status-publish"],"_links":{"self":[{"href":"https:\/\/mediateca.age-mgpoente.pt\/index.php?rest_route=\/wp\/v2\/pages\/1127","targetHints":{"allow":["GET"]}}],"collection":[{"href":"https:\/\/mediateca.age-mgpoente.pt\/index.php?rest_route=\/wp\/v2\/pages"}],"about":[{"href":"https:\/\/mediateca.age-mgpoente.pt\/index.php?rest_route=\/wp\/v2\/types\/page"}],"author":[{"embeddable":true,"href":"https:\/\/mediateca.age-mgpoente.pt\/index.php?rest_route=\/wp\/v2\/users\/2"}],"replies":[{"embeddable":true,"href":"https:\/\/mediateca.age-mgpoente.pt\/index.php?rest_route=%2Fwp%2Fv2%2Fcomments&post=1127"}],"version-history":[{"count":1,"href":"https:\/\/mediateca.age-mgpoente.pt\/index.php?rest_route=\/wp\/v2\/pages\/1127\/revisions"}],"predecessor-version":[{"id":1137,"href":"https:\/\/mediateca.age-mgpoente.pt\/index.php?rest_route=\/wp\/v2\/pages\/1127\/revisions\/1137"}],"wp:attachment":[{"href":"https:\/\/mediateca.age-mgpoente.pt\/index.php?rest_route=%2Fwp%2Fv2%2Fmedia&parent=1127"}],"curies":[{"name":"wp","href":"https:\/\/api.w.org\/{rel}","templated":true}]}}