{"id":1097,"date":"2022-07-21T18:35:53","date_gmt":"2022-07-21T17:35:53","guid":{"rendered":"https:\/\/mediateca.age-mgpoente.pt\/?page_id=1097"},"modified":"2022-07-21T18:54:58","modified_gmt":"2022-07-21T17:54:58","slug":"apresenta","status":"publish","type":"page","link":"https:\/\/mediateca.age-mgpoente.pt\/?page_id=1097","title":{"rendered":"APRESENTA"},"content":{"rendered":"<div class=\"wp-block-image\">\n<figure class=\"alignleft size-full is-resized\"><a href=\"https:\/\/pt.calameo.com\/\" target=\"_blank\" rel=\"noreferrer noopener\"><img loading=\"lazy\" decoding=\"async\" src=\"https:\/\/mediateca.age-mgpoente.pt\/wp-content\/uploads\/2022\/07\/Calameo-logo.png\" alt=\"\" class=\"wp-image-1098\" width=\"199\" height=\"63\" srcset=\"https:\/\/mediateca.age-mgpoente.pt\/wp-content\/uploads\/2022\/07\/Calameo-logo.png 1000w, https:\/\/mediateca.age-mgpoente.pt\/wp-content\/uploads\/2022\/07\/Calameo-logo-300x95.png 300w, https:\/\/mediateca.age-mgpoente.pt\/wp-content\/uploads\/2022\/07\/Calameo-logo-768x243.png 768w\" sizes=\"auto, (max-width: 199px) 100vw, 199px\" \/><\/a><\/figure>\n<\/div>\n\n\n<p>Plataforma de publica\u00e7\u00e3o de revistas digitais, publica\u00e7\u00f5es interativas e cat\u00e1logos on-line. Permite converter documentos em publica\u00e7\u00f5es e partilh\u00e1-las.<\/p>\n\n\n\n<p class=\"has-text-align-center\">                                     <a rel=\"noreferrer noopener\" href=\"https:\/\/youtu.be\/da9bITCFmBE\" target=\"_blank\"><strong>Tutorial<\/strong><\/a><\/p>\n\n\n<div class=\"wp-block-image\">\n<figure class=\"alignleft size-large is-resized\"><a href=\"https:\/\/www.canva.com\/pt_pt\/\" target=\"_blank\" rel=\"noreferrer noopener\"><img loading=\"lazy\" decoding=\"async\" src=\"https:\/\/mediateca.age-mgpoente.pt\/wp-content\/uploads\/2022\/07\/Canva-Logo-1024x576.png\" alt=\"\" class=\"wp-image-1099\" width=\"181\" height=\"102\" srcset=\"https:\/\/mediateca.age-mgpoente.pt\/wp-content\/uploads\/2022\/07\/Canva-Logo-1024x576.png 1024w, https:\/\/mediateca.age-mgpoente.pt\/wp-content\/uploads\/2022\/07\/Canva-Logo-300x169.png 300w, https:\/\/mediateca.age-mgpoente.pt\/wp-content\/uploads\/2022\/07\/Canva-Logo-768x432.png 768w, https:\/\/mediateca.age-mgpoente.pt\/wp-content\/uploads\/2022\/07\/Canva-Logo-1536x864.png 1536w, https:\/\/mediateca.age-mgpoente.pt\/wp-content\/uploads\/2022\/07\/Canva-Logo-2048x1152.png 2048w\" sizes=\"auto, (max-width: 181px) 100vw, 181px\" \/><\/a><figcaption>  <\/figcaption><\/figure>\n<\/div>\n\n\n<p>Ferramenta online de design gr\u00e1fico, com v\u00e1rias componentes gratuitas. Tem templates de v\u00e1rios formatos: poster, certificado, banner&#8217;s das redes sociais, programas de eventos, menus de restaurante, folhetos, etc. Disponibiliza uma galeria de fotos, formas e outros elementos gr\u00e1ficos. Utiliza transpar\u00eancias na edi\u00e7\u00e3o dos formatos de imagem compat\u00edveis. Permite o download em PNG, JPG e PDF.<\/p>\n\n\n\n<p class=\"has-text-align-center\">                                         <a rel=\"noreferrer noopener\" href=\"https:\/\/youtu.be\/3LVBzoaM2f8\" target=\"_blank\"><strong>Tutorial<\/strong><\/a><\/p>\n\n\n<div class=\"wp-block-image\">\n<figure class=\"alignleft size-full is-resized\"><a href=\"https:\/\/auth.genial.ly\/pt-br\/signup\" target=\"_blank\" rel=\"noreferrer noopener\"><img loading=\"lazy\" decoding=\"async\" src=\"https:\/\/mediateca.age-mgpoente.pt\/wp-content\/uploads\/2022\/07\/genially_logo.png\" alt=\"\" class=\"wp-image-1101\" width=\"183\" height=\"162\" srcset=\"https:\/\/mediateca.age-mgpoente.pt\/wp-content\/uploads\/2022\/07\/genially_logo.png 638w, https:\/\/mediateca.age-mgpoente.pt\/wp-content\/uploads\/2022\/07\/genially_logo-300x266.png 300w\" sizes=\"auto, (max-width: 183px) 100vw, 183px\" \/><\/a><\/figure>\n<\/div>\n\n\n<p>Genially \u00e9 um software de cria\u00e7\u00e3o de conte\u00fado interativo. Permite criar imagens, infogr\u00e1ficos, apresenta\u00e7\u00f5es, microsites, cat\u00e1logos, mapas, entre outros, que podem ser dotados de efeitos e anima\u00e7\u00f5es interativos.<\/p>\n\n\n\n<p class=\"has-text-align-center\"><strong><a rel=\"noreferrer noopener\" href=\"https:\/\/youtu.be\/u73TdwVnLyI\" target=\"_blank\">Tutorial<\/a><\/strong><\/p>\n\n\n\n<p> <\/p>\n\n\n\n<p>.<\/p>\n\n\n\n<p><\/p>\n\n\n\n<p><\/p>\n\n\n<div class=\"wp-block-image\">\n<figure class=\"alignleft size-full is-resized\"><a href=\"https:\/\/prezi.com\/?click_source=logged_element&amp;page_location=header&amp;element_type=logo\" target=\"_blank\" rel=\"noreferrer noopener\"><img loading=\"lazy\" decoding=\"async\" src=\"https:\/\/mediateca.age-mgpoente.pt\/wp-content\/uploads\/2022\/07\/063bd13c92a910b4d74c530e378f4256-2.png\" alt=\"\" class=\"wp-image-1104\" width=\"171\" height=\"146\"\/><\/a><\/figure>\n<\/div>\n\n\n<div class=\"wp-block-group\"><div class=\"wp-block-group__inner-container is-layout-flow wp-block-group-is-layout-flow\">\n<p class=\"has-text-align-center\">Crie apresenta\u00e7\u00f5es originais e de forma interativa. Uma excelente alternativa ao formato PowerPoint.<\/p>\n\n\n\n<p class=\"has-text-align-center\"><strong><a rel=\"noreferrer noopener\" href=\"https:\/\/youtu.be\/tcKXj1-p3RA\" target=\"_blank\">Tutorial<\/a><\/strong><\/p>\n<\/div><\/div>\n\n\n\n<div class=\"wp-block-group\"><div class=\"wp-block-group__inner-container is-layout-flow wp-block-group-is-layout-flow\">\n<p>  <\/p>\n\n\n<div class=\"wp-block-image\">\n<figure class=\"alignleft size-full is-resized\"><a href=\"https:\/\/es.qr-code-generator.com\/\" target=\"_blank\" rel=\"noreferrer noopener\"><img loading=\"lazy\" decoding=\"async\" src=\"https:\/\/mediateca.age-mgpoente.pt\/wp-content\/uploads\/2022\/07\/C9cubmV-_400x400.png\" alt=\"\" class=\"wp-image-1105\" width=\"160\" height=\"160\" srcset=\"https:\/\/mediateca.age-mgpoente.pt\/wp-content\/uploads\/2022\/07\/C9cubmV-_400x400.png 400w, https:\/\/mediateca.age-mgpoente.pt\/wp-content\/uploads\/2022\/07\/C9cubmV-_400x400-300x300.png 300w, https:\/\/mediateca.age-mgpoente.pt\/wp-content\/uploads\/2022\/07\/C9cubmV-_400x400-150x150.png 150w\" sizes=\"auto, (max-width: 160px) 100vw, 160px\" \/><\/a><figcaption>QR Code Generator<\/figcaption><\/figure>\n<\/div>\n\n\n<p class=\"has-text-align-center\">Criador de c\u00f3digos QR<\/p>\n\n\n\n<p class=\"has-text-align-center\"><strong><a href=\"https:\/\/youtu.be\/kD50WKaMVNA\" target=\"_blank\" rel=\"noreferrer noopener\">Tutorial<\/a><\/strong><\/p>\n\n\n\n<p><\/p>\n<\/div><\/div>\n\n\n\n<p class=\"has-text-align-left\">.<\/p>\n\n\n\n<p><\/p>\n\n\n\n<div class=\"wp-block-group\"><div class=\"wp-block-group__inner-container is-layout-flow wp-block-group-is-layout-flow\"><div class=\"wp-block-image\">\n<figure class=\"alignleft size-full is-resized\"><a href=\"https:\/\/wordart.com\/\" target=\"_blank\" rel=\"noreferrer noopener\"><img loading=\"lazy\" decoding=\"async\" src=\"https:\/\/mediateca.age-mgpoente.pt\/wp-content\/uploads\/2022\/07\/97-970494_logo-de-word-art.jpg\" alt=\"\" class=\"wp-image-1106\" width=\"176\" height=\"60\" srcset=\"https:\/\/mediateca.age-mgpoente.pt\/wp-content\/uploads\/2022\/07\/97-970494_logo-de-word-art.jpg 820w, https:\/\/mediateca.age-mgpoente.pt\/wp-content\/uploads\/2022\/07\/97-970494_logo-de-word-art-300x102.jpg 300w, https:\/\/mediateca.age-mgpoente.pt\/wp-content\/uploads\/2022\/07\/97-970494_logo-de-word-art-768x262.jpg 768w\" sizes=\"auto, (max-width: 176px) 100vw, 176px\" \/><\/a><\/figure>\n<\/div>\n\n\n<p class=\"has-text-align-center\">Cria\u00e7\u00e3o de nuvens de palavras em linha.<\/p>\n\n\n\n<p class=\"has-text-align-center\"><strong><a href=\"https:\/\/youtu.be\/_NEuYX-AQx0\" target=\"_blank\" rel=\"noreferrer noopener\">Tutorial<\/a><\/strong><\/p>\n<\/div><\/div>\n","protected":false},"excerpt":{"rendered":"<p>Plataforma de publica\u00e7\u00e3o de revistas digitais, publica\u00e7\u00f5es interativas e cat\u00e1logos on-line. Permite converter documentos em publica\u00e7\u00f5es e partilh\u00e1-las. Tutorial Ferramenta online de design gr\u00e1fico, com v\u00e1rias componentes gratuitas. Tem templates de v\u00e1rios formatos: poster, certificado, banner&#8217;s das redes sociais, programas de eventos, menus de restaurante, folhetos, etc. Disponibiliza uma galeria de fotos, formas e outros &#8230; <a title=\"APRESENTA\" class=\"read-more\" href=\"https:\/\/mediateca.age-mgpoente.pt\/?page_id=1097\" aria-label=\"Leia mais sobre APRESENTA\">Ler mais<\/a><\/p>\n","protected":false},"author":2,"featured_media":0,"parent":0,"menu_order":0,"comment_status":"closed","ping_status":"closed","template":"","meta":{"footnotes":""},"class_list":["post-1097","page","type-page","status-publish"],"_links":{"self":[{"href":"https:\/\/mediateca.age-mgpoente.pt\/index.php?rest_route=\/wp\/v2\/pages\/1097","targetHints":{"allow":["GET"]}}],"collection":[{"href":"https:\/\/mediateca.age-mgpoente.pt\/index.php?rest_route=\/wp\/v2\/pages"}],"about":[{"href":"https:\/\/mediateca.age-mgpoente.pt\/index.php?rest_route=\/wp\/v2\/types\/page"}],"author":[{"embeddable":true,"href":"https:\/\/mediateca.age-mgpoente.pt\/index.php?rest_route=\/wp\/v2\/users\/2"}],"replies":[{"embeddable":true,"href":"https:\/\/mediateca.age-mgpoente.pt\/index.php?rest_route=%2Fwp%2Fv2%2Fcomments&post=1097"}],"version-history":[{"count":12,"href":"https:\/\/mediateca.age-mgpoente.pt\/index.php?rest_route=\/wp\/v2\/pages\/1097\/revisions"}],"predecessor-version":[{"id":1126,"href":"https:\/\/mediateca.age-mgpoente.pt\/index.php?rest_route=\/wp\/v2\/pages\/1097\/revisions\/1126"}],"wp:attachment":[{"href":"https:\/\/mediateca.age-mgpoente.pt\/index.php?rest_route=%2Fwp%2Fv2%2Fmedia&parent=1097"}],"curies":[{"name":"wp","href":"https:\/\/api.w.org\/{rel}","templated":true}]}}